{"id":3696,"date":"2018-06-12T09:11:13","date_gmt":"2018-06-12T07:11:13","guid":{"rendered":"http:\/\/metnan.at\/wp\/?page_id=3696"},"modified":"2018-06-12T09:13:50","modified_gmt":"2018-06-12T07:13:50","slug":"anreise","status":"publish","type":"page","link":"https:\/\/metnan.at\/wp\/?page_id=3696","title":{"rendered":"Anreise"},"content":{"rendered":"\n<style type=\"text\/css\" data-created_by=\"avia_inline_auto\" id=\"style-css-av-av_one_full-6126cab7d8fab8d08143dd2dacdf673c\">\n.flex_column.av-av_one_full-6126cab7d8fab8d08143dd2dacdf673c{\nborder-radius:0px 0px 0px 0px;\npadding:0px 0px 0px 0px;\n}\n<\/style>\n<div  class='flex_column av-av_one_full-6126cab7d8fab8d08143dd2dacdf673c av_one_full  avia-builder-el-0  avia-builder-el-no-sibling  first flex_column_div av-zero-column-padding  '     ><section  class='av_textblock_section av-av_textblock-396ddf1f42196ca838231e61a4602801 '   itemscope=\"itemscope\" itemtype=\"https:\/\/schema.org\/CreativeWork\" ><div class='avia_textblock'  itemprop=\"text\" ><h1>So erreicht ihr unser Fest und kommt auch wieder nach Hause<\/h1>\n<h2><\/h2>\n<h2>Mit \u00f6ffentlichen Verkehrsmitteln<\/h2>\n<p>Um eine m\u00f6glichst einfache Anreise zu erm\u00f6glichen gibt es ein Gratis &#8211; Ticket f\u00fcr\u00a0 die An &#8211; und Abreise.<br \/>\nDie Tickets f\u00fcr Einzelpersonen (2 Erwachsene und bis 4 Kinder) gibt es hier:\u00a0<a href=\"https:\/\/www.vmobil.at\/plugin.php?menuid=110&amp;template=qr_tickets\/templates\/frontend.html&amp;id=842\">https:\/\/www.vmobil.at\/plugin.php?menuid=110&amp;template=qr_tickets\/templates\/frontend.html&amp;id=842<\/a><br \/>\nGratis &#8211; Tickets f\u00fcr Gruppen (bis 25 Personen) gibt es hier:\u00a0<a href=\"https:\/\/www.vmobil.at\/plugin.php?menuid=110&amp;template=qr_tickets\/templates\/frontend.html&amp;id=851\">https:\/\/www.vmobil.at\/plugin.php?menuid=110&amp;template=qr_tickets\/templates\/frontend.html&amp;id=851<\/a><\/p>\n<p>Die Bahnhaltestelle (Montafonerbahn) f\u00fcr euren Ausstieg ist Kaltenbrunenn &#8211; Gantschier. Von dort sind es dann noch ca. 5 Gehminuten.<\/p>\n<p>Bei der Anreise mit dem Bus k\u00f6nnt ihr bequem bei der Kirche in Gantschier aussteigen.<\/p>\n<h2><\/h2>\n<h2>Mit dem PKW\/Bus<\/h2>\n<p>Leider gibt es direkt beim Festplatz nur eiune sehr begrenzte Kapazit\u00e4t an Parkpl\u00e4tzen. Im Umkreis von 15 Gehminuten ist aber ein ausreichendes Angebot an Parkpl\u00e4tzen vorhanden. Am Freitagabend wird zwischen dem Parkplatz &#8222;Golmerbahn&#8220; und dem Festgel\u00e4nde ein Shuttlebus eingerichtet. Wir bitten euch nach M\u00f6glichkeit den Parkplatz &#8222;Golmerbahn&#8220; zu nutzen.<\/p>\n<p><a href=\"http:\/\/metnan.at\/wp\/wp-content\/uploads\/2018\/06\/Parkplatz.png\"><img loading=\"lazy\" decoding=\"async\" class=\"alignnone wp-image-3735 size-large\" src=\"http:\/\/metnan.at\/wp\/wp-content\/uploads\/2018\/06\/Parkplatz-1030x712.png\" alt=\"\" width=\"1030\" height=\"712\" srcset=\"https:\/\/metnan.at\/wp\/wp-content\/uploads\/2018\/06\/Parkplatz-1030x712.png 1030w, https:\/\/metnan.at\/wp\/wp-content\/uploads\/2018\/06\/Parkplatz-300x208.png 300w, https:\/\/metnan.at\/wp\/wp-content\/uploads\/2018\/06\/Parkplatz-768x531.png 768w, https:\/\/metnan.at\/wp\/wp-content\/uploads\/2018\/06\/Parkplatz-705x488.png 705w, https:\/\/metnan.at\/wp\/wp-content\/uploads\/2018\/06\/Parkplatz-450x311.png 450w, https:\/\/metnan.at\/wp\/wp-content\/uploads\/2018\/06\/Parkplatz.png 1200w\" sizes=\"auto, (max-width: 1030px) 100vw, 1030px\" \/><\/a><\/p>\n<h2><\/h2>\n<h2>So kommt ihr wieder nach Hause<\/h2>\n<p>Damit ihr auch wieder sicher nach Hause kommt k\u00f6nnt ihr alle \u00f6ffentlichen Verkehrsmittel mit dem Gratis &#8211; Ticket verwenden.<\/p>\n<p>Den FAhrplan der Montafonerbahn gibt es hier:\u00a0<a href=\"http:\/\/www.montafonerbahn.at\/verkehr\/_fahrplan\/bahn2018\/fahrplan_02.pdf\">http:\/\/www.montafonerbahn.at\/verkehr\/_fahrplan\/bahn2018\/fahrplan_02.pdf<\/a><\/p>\n<p>Zus\u00e4tzlich haben wir f\u00fcr euch einen Shuttle Bus zwischen Bludenz und Partenen eingerichtet:<\/p>\n<p><a href=\"http:\/\/metnan.at\/wp\/wp-content\/uploads\/2018\/05\/Fahrplan-Shuttlebus.jpg\"><img loading=\"lazy\" decoding=\"async\" class=\"alignnone wp-image-3626 size-large\" src=\"http:\/\/metnan.at\/wp\/wp-content\/uploads\/2018\/05\/Fahrplan-Shuttlebus-1030x704.jpg\" alt=\"\" width=\"1030\" height=\"704\" srcset=\"https:\/\/metnan.at\/wp\/wp-content\/uploads\/2018\/05\/Fahrplan-Shuttlebus-1030x704.jpg 1030w, https:\/\/metnan.at\/wp\/wp-content\/uploads\/2018\/05\/Fahrplan-Shuttlebus-300x205.jpg 300w, https:\/\/metnan.at\/wp\/wp-content\/uploads\/2018\/05\/Fahrplan-Shuttlebus-768x525.jpg 768w, https:\/\/metnan.at\/wp\/wp-content\/uploads\/2018\/05\/Fahrplan-Shuttlebus-705x482.jpg 705w, https:\/\/metnan.at\/wp\/wp-content\/uploads\/2018\/05\/Fahrplan-Shuttlebus-450x308.jpg 450w, https:\/\/metnan.at\/wp\/wp-content\/uploads\/2018\/05\/Fahrplan-Shuttlebus.jpg 1082w\" sizes=\"auto, (max-width: 1030px) 100vw, 1030px\" \/><\/a><\/p>\n<p>Wie gewohnt kuriert nat\u00fcrlich der Montafoner Nachtexpress (Linie N6).<br \/>\nDen Fahrplan dazu gibrt es hier:\u00a0<a href=\"http:\/\/www.montafonerbahn.at\/verkehr\/_fahrplan\/bus_sommer2018\/linien6.pdf\">http:\/\/www.montafonerbahn.at\/verkehr\/_fahrplan\/bus_sommer2018\/linien6.pdf<\/a><\/p>\n<p>Sollte es dennoch etwas sp\u00e4ter werden stehen ausreichend Taxis beim Festplatz zur Verf\u00fcgung!<\/p>\n<p>Wir freuen uns auf Euch!<\/p>\n<\/div><\/section><\/div>\n","protected":false},"excerpt":{"rendered":"","protected":false},"author":1,"featured_media":0,"parent":0,"menu_order":0,"comment_status":"closed","ping_status":"closed","template":"","meta":{"footnotes":""},"class_list":["post-3696","page","type-page","status-publish","hentry"],"_links":{"self":[{"href":"https:\/\/metnan.at\/wp\/index.php?rest_route=\/wp\/v2\/pages\/3696","targetHints":{"allow":["GET"]}}],"collection":[{"href":"https:\/\/metnan.at\/wp\/index.php?rest_route=\/wp\/v2\/pages"}],"about":[{"href":"https:\/\/metnan.at\/wp\/index.php?rest_route=\/wp\/v2\/types\/page"}],"author":[{"embeddable":true,"href":"https:\/\/metnan.at\/wp\/index.php?rest_route=\/wp\/v2\/users\/1"}],"replies":[{"embeddable":true,"href":"https:\/\/metnan.at\/wp\/index.php?rest_route=%2Fwp%2Fv2%2Fcomments&post=3696"}],"version-history":[{"count":8,"href":"https:\/\/metnan.at\/wp\/index.php?rest_route=\/wp\/v2\/pages\/3696\/revisions"}],"predecessor-version":[{"id":3740,"href":"https:\/\/metnan.at\/wp\/index.php?rest_route=\/wp\/v2\/pages\/3696\/revisions\/3740"}],"wp:attachment":[{"href":"https:\/\/metnan.at\/wp\/index.php?rest_route=%2Fwp%2Fv2%2Fmedia&parent=3696"}],"curies":[{"name":"wp","href":"https:\/\/api.w.org\/{rel}","templated":true}]}}